{"id":541,"date":"2025-11-20T14:38:11","date_gmt":"2025-11-20T13:38:11","guid":{"rendered":"https:\/\/amanitalabs.tech\/?post_type=product&#038;p=541"},"modified":"2025-11-20T14:55:13","modified_gmt":"2025-11-20T13:55:13","slug":"cepa-madre-de-ostra-azul-en-pda","status":"publish","type":"product","link":"https:\/\/amanitalabs.tech\/?product=cepa-madre-de-ostra-azul-en-pda","title":{"rendered":"Cepa madre de Ostra Azul en PDA"},"content":{"rendered":"<p style=\"text-align: center;\"><span style=\"color: #000000;\">Descripci\u00f3n del Producto:<\/span><br \/>\n<span style=\"color: #000000;\">Cepa madre estabilizada de Pleurotus ostreatus var. &#8216;Blue&#8217; en placa Petri con medio PDA. Aislado de \u00e9lite seleccionado por su intensa pigmentaci\u00f3n azul-gris\u00e1cea y alta productividad en condiciones de cultivo controlado.<\/span><\/p>\n<p style=\"text-align: left;\"><span style=\"color: #000000;\">Protocolo de Mantenimiento de Cepa Madre<\/span><\/p>\n<p style=\"text-align: left;\"><span style=\"color: #000000;\">1. Condiciones de Almacenamiento:<\/span><\/p>\n<p><span style=\"color: #000000;\">Temperatura: 2-4\u00b0C en refrigeraci\u00f3n<\/span><\/p>\n<p><span style=\"color: #000000;\">Humedad: Ambiente seco (evitar condensaci\u00f3n en placa)<\/span><\/p>\n<p><span style=\"color: #000000;\">Posici\u00f3n: Siempre invertidas<\/span><\/p>\n<p><span style=\"color: #000000;\">Vida \u00fatil: 30-45 d\u00edas en refrigeraci\u00f3n<\/span><\/p>\n<p><span style=\"color: #000000;\">Medio \u00f3ptimo: PDA con pH neutro (6.5-7.0)<\/span><\/p>\n<p><span style=\"color: #000000;\">2. Transferencia y Reactivaci\u00f3n:<\/span><\/p>\n<p><span style=\"color: #000000;\">Frecuencia: Cada 25-30 d\u00edas<\/span><\/p>\n<p><span style=\"color: #000000;\">Tama\u00f1o de in\u00f3culo: 4&#215;4 mm del borde m\u00e1s activo<\/span><\/p>\n<p><span style=\"color: #000000;\">Temperatura de reactivaci\u00f3n: 18-20\u00b0C<\/span><\/p>\n<p><span style=\"color: #000000;\">Tiempo de recuperaci\u00f3n: 24-36 horas<\/span><\/p>\n<p><span style=\"color: #000000;\">3. Caracter\u00edsticas de Calidad de la Cepa:<\/span><\/p>\n<p><span style=\"color: #000000;\">Color: Blanco puro con tonos perlados<\/span><\/p>\n<p><span style=\"color: #000000;\">Textura: Micelio a\u00e9reo algodonoso<\/span><\/p>\n<p><span style=\"color: #000000;\">Patr\u00f3n de crecimiento: Radial uniforme<\/span><\/p>\n<p><span style=\"color: #000000;\">Velocidad: Colonizaci\u00f3n completa en 6-8 d\u00edas<\/span><\/p>\n<p><span style=\"color: #000000;\">M\u00e9todos de Propagaci\u00f3n desde Cepa Madre<\/span><\/p>\n<p><span style=\"color: #000000;\">Para Producci\u00f3n de Granos:<\/span><\/p>\n<p><span style=\"color: #000000;\">Cortar 5-6 cuadrados de 1&#215;1 cm<\/span><\/p>\n<p><span style=\"color: #000000;\">Inocular en frascos de centeno o mijo est\u00e9ril<\/span><\/p>\n<p><span style=\"color: #000000;\">1 placa = 15-20 frascos de spawn<\/span><\/p>\n<p><span style=\"color: #000000;\">Para Expansi\u00f3n en Placas:<\/span><\/p>\n<p><span style=\"color: #000000;\">Realizar m\u00e1ximo 4 transferencias desde esta cepa madre<\/span><\/p>\n<p><span style=\"color: #000000;\">Usar medio PDA reci\u00e9n preparado<\/span><\/p>\n<p><span style=\"color: #000000;\">Mantener registro de generaciones<\/span><\/p>\n<p><span style=\"color: #000000;\">Para Iniciar Cultivo L\u00edquido:<\/span><\/p>\n<p><span style=\"color: #000000;\">Transferir 2-3 fragmentos a caldo de maltosa<\/span><\/p>\n<p><span style=\"color: #000000;\">Incubar con agitaci\u00f3n suave a 18-20\u00b0C<\/span><\/p>\n<p><span style=\"color: #000000;\">Protocolo de Transferencia Est\u00e9ril<\/span><\/p>\n<p><span style=\"color: #000000;\">1. Preparaci\u00f3n Previa:<\/span><\/p>\n<p><span style=\"color: #000000;\">Desinfectar c\u00e1mara con alcohol isoprop\u00edlico 70%<\/span><\/p>\n<p><span style=\"color: #000000;\">Esterilizar herramientas en incinerador<\/span><\/p>\n<p><span style=\"color: #000000;\">Acondicionar nuevas placas a 18\u00b0C<\/span><\/p>\n<p><span style=\"color: #000000;\">2. Proceso de Transferencia:<\/span><\/p>\n<p><span style=\"color: #000000;\">Identificar zona de crecimiento m\u00e1s vigoroso<\/span><\/p>\n<p><span style=\"color: #000000;\">Cortar con \u00e1ngulos de 45\u00b0 para maximizar borde de crecimiento<\/span><\/p>\n<p><span style=\"color: #000000;\">Transferir sin contacto con agar viejo<\/span><\/p>\n<p><span style=\"color: #000000;\">Sellar con parafilm doble capa<\/span><\/p>\n<p><span style=\"color: #000000;\">3. Control de Calidad:<\/span><\/p>\n<p><span style=\"color: #000000;\">Verificar inicio de crecimiento en primeras 18 horas<\/span><\/p>\n<p><span style=\"color: #000000;\">Monitorear uniformidad del crecimiento radial<\/span><\/p>\n<p><span style=\"color: #000000;\">Documentar cualquier variaci\u00f3n morfol\u00f3gica<\/span><\/p>\n<p><span style=\"color: #000000;\">Aplicaciones Espec\u00edficas para Ostra Azul:<\/span><\/p>\n<p><span style=\"color: #000000;\">Condiciones \u00d3ptimas de Fructificaci\u00f3n:<\/span><\/p>\n<p><span style=\"color: #000000;\">Temperatura: 16-20\u00b0C<\/span><\/p>\n<p><span style=\"color: #000000;\">Humedad: 90-95%<\/span><\/p>\n<p><span style=\"color: #000000;\">Iluminaci\u00f3n: Luz indirecta 12h\/d\u00eda<\/span><\/p>\n<p><span style=\"color: #000000;\">Ventilaci\u00f3n: Media-alta<\/span><\/p>\n<p><span style=\"color: #000000;\">Caracter\u00edsticas de la Cepa:<\/span><\/p>\n<p><span style=\"color: #000000;\">Coloraci\u00f3n: Azul-gris\u00e1ceo intenso en bajas temperaturas<\/span><\/p>\n<p><span style=\"color: #000000;\">Forma: Sombreros convexos de 3-8 cm<\/span><\/p>\n<p><span style=\"color: #000000;\">Textura: Carnosidad media-alta<\/span><\/p>\n<p><span style=\"color: #000000;\">Rendimiento: Hasta 800g por kit<\/span><\/p>\n<p><span style=\"color: #000000;\">Indicadores de Problemas:<\/span><\/p>\n<p><span style=\"color: #000000;\">\ud83d\udd34 Crecimiento amarillento (estr\u00e9s por temperatura)<\/span><\/p>\n<p><span style=\"color: #000000;\">\ud83d\udd34 Micelio acuoso o transl\u00facido (contaminaci\u00f3n bacteriana)<\/span><\/p>\n<p><span style=\"color: #000000;\">\ud83d\udd34 Sectores de crecimiento diferente (inestabilidad gen\u00e9tica)<\/span><\/p>\n<p><span style=\"color: #000000;\">\ud83d\udd34 Olores agrios o dulzones (contaminaci\u00f3n)<\/span><\/p>\n<p><span style=\"color: #000000;\">Indicadores de Calidad:<\/span><\/p>\n<p><span style=\"color: #000000;\">\u2705 Crecimiento radial perfectamente circular<\/span><\/p>\n<p><span style=\"color: #000000;\">\u2705 Blanco n\u00edveo uniforme<\/span><\/p>\n<p><span style=\"color: #000000;\">\u2705 Textura algodonosa consistente<\/span><\/p>\n<p><span style=\"color: #000000;\">\u2705 Ausencia de exudados<\/span><\/p>\n<p><span style=\"color: #000000;\">Notas T\u00e9cnicas Especiales:<\/span><\/p>\n<p><span style=\"color: #000000;\">Esta cepa es termosensible &#8211; evitar temperaturas superiores a 24\u00b0C<\/span><\/p>\n<p><span style=\"color: #000000;\">La pigmentaci\u00f3n azul se intensifica con iluminaci\u00f3n moderada<\/span><\/p>\n<p><span style=\"color: #000000;\">Mayor productividad en sustratos de paja pasteurizada<\/span><\/p>\n<p><span style=\"color: #000000;\">\u00a1Mantener la cadena de fr\u00edo es crucial para preservar las caracter\u00edsticas \u00fanicas de esta cepa!<\/span><\/p>\n","protected":false},"excerpt":{"rendered":"<p><span style=\"color: #000000;\">Pleorotus ostreatus var. \u00abBlue\u00bb<\/span><\/p>\n","protected":false},"featured_media":149,"comment_status":"open","ping_status":"closed","template":"","meta":[],"product_brand":[],"product_cat":[26],"product_tag":[],"class_list":{"0":"post-541","1":"product","2":"type-product","3":"status-publish","4":"has-post-thumbnail","6":"product_cat-esporas-aisladas","8":"first","9":"instock","10":"shipping-taxable","11":"purchasable","12":"product-type-simple"},"_links":{"self":[{"href":"https:\/\/amanitalabs.tech\/index.php?rest_route=\/wp\/v2\/product\/541","targetHints":{"allow":["GET"]}}],"collection":[{"href":"https:\/\/amanitalabs.tech\/index.php?rest_route=\/wp\/v2\/product"}],"about":[{"href":"https:\/\/amanitalabs.tech\/index.php?rest_route=\/wp\/v2\/types\/product"}],"replies":[{"embeddable":true,"href":"https:\/\/amanitalabs.tech\/index.php?rest_route=%2Fwp%2Fv2%2Fcomments&post=541"}],"wp:featuredmedia":[{"embeddable":true,"href":"https:\/\/amanitalabs.tech\/index.php?rest_route=\/wp\/v2\/media\/149"}],"wp:attachment":[{"href":"https:\/\/amanitalabs.tech\/index.php?rest_route=%2Fwp%2Fv2%2Fmedia&parent=541"}],"wp:term":[{"taxonomy":"product_brand","embeddable":true,"href":"https:\/\/amanitalabs.tech\/index.php?rest_route=%2Fwp%2Fv2%2Fproduct_brand&post=541"},{"taxonomy":"product_cat","embeddable":true,"href":"https:\/\/amanitalabs.tech\/index.php?rest_route=%2Fwp%2Fv2%2Fproduct_cat&post=541"},{"taxonomy":"product_tag","embeddable":true,"href":"https:\/\/amanitalabs.tech\/index.php?rest_route=%2Fwp%2Fv2%2Fproduct_tag&post=541"}],"curies":[{"name":"wp","href":"https:\/\/api.w.org\/{rel}","templated":true}]}}