{"id":354,"date":"2025-11-10T21:30:45","date_gmt":"2025-11-10T20:30:45","guid":{"rendered":"https:\/\/amanitalabs.tech\/?post_type=product&#038;p=354"},"modified":"2025-11-19T19:58:13","modified_gmt":"2025-11-19T18:58:13","slug":"vial-de-enoki","status":"publish","type":"product","link":"https:\/\/amanitalabs.tech\/?product=vial-de-enoki","title":{"rendered":"Vial de Enoki"},"content":{"rendered":"<p><span style=\"color: #000000;\">Descripci\u00f3n: Cultiva el cl\u00e1sico hongo de tallo largo y blanco que has visto en la cocina asi\u00e1tica. Nuestro vial aislado de Enoki est\u00e1 seleccionado para producir esos caracter\u00edsticos racimos de setas con sombreros peque\u00f1os y tallos largos y crujientes. De sabor suave y ligeramente afrutado, son perfectos para sopas, salteados y ensaladas.<\/span><\/p>\n<p><span style=\"color: #000000;\"><em><strong>Instrucciones de uso<\/strong><\/em>: A continuaci\u00f3n te vamos a dejar una guia de como usted puede propagar y conservar este vial desde la comodidad de tu casa!<\/span><\/p>\n<p><span style=\"color: #000000;\">1. <em><strong>Prepara tu Espacio de Trabajo<\/strong><\/em><\/span><\/p>\n<p><span style=\"color: #000000;\">-Limpia y desinfecta la superficie con alcohol al 70%<\/span><\/p>\n<p><span style=\"color: #000000;\">-Ten listos tus sustratos esterilizados (granos, agar, cultura liquida)<\/span><\/p>\n<p><span style=\"color: #000000;\">-Usa guantes y mascarilla<\/span><\/p>\n<p><span style=\"color: #000000;\">2. <em><strong>Prepara el Vial<\/strong><\/em><\/span><\/p>\n<p><span style=\"color: #000000;\">-Saca el vial del refrigerador y d\u00e9jalo alcanzar temperatura ambiente<\/span><\/p>\n<p><span style=\"color: #000000;\">-Ag\u00edtalo suavemente durante 20 segundos para mezclar el micelio<\/span><\/p>\n<p><span style=\"color: #000000;\">3. <em><strong>Inoculaci\u00f3n<\/strong><\/em><\/span><\/p>\n<p><span style=\"color: #000000;\">-Grainspawn: Usa 1-2 ml por frasco de 1 litro<\/span><\/p>\n<p><span style=\"color: #000000;\">-Cultura liquida: Usa 3-5 ml por frasco<\/span><\/p>\n<p><span style=\"color: #000000;\">-Agar: Usa 1 a 2 ml por placa petri<\/span><\/p>\n<p><span style=\"color: #000000;\">Con este vial de 20ml puedes inocular entre 10-15 recipientes<\/span><\/p>\n<p><span style=\"color: #000000;\">4. <em><strong>Incubaci\u00f3n<\/strong><\/em><\/span><\/p>\n<p><span style=\"color: #000000;\">-Mant\u00e9n los recipientes inoculados a 20-24\u00b0C<\/span><\/p>\n<p><span style=\"color: #000000;\">-En oscuridad completa<\/span><\/p>\n<p><span style=\"color: #000000;\">-El micelio colonizar\u00e1 en 14-21 d\u00edas<\/span><\/p>\n<p><span style=\"color: #000000;\">5.<em>\u00a0<strong>Inoculaci\u00f3n<\/strong><\/em><\/span><\/p>\n<p><span style=\"color: #000000;\">-Agrega entre el 20 a 50% del grano al sustrato, esto genera una buena, rapida y agresiva colonizaci\u00f3n por parte del sustrato<\/span><\/p>\n<p><span style=\"color: #000000;\">-Incuba el sustrato en un lugar tranquilo e idealmente una temperatura baja (10-15\u00b0C)<\/span><\/p>\n<p><span style=\"color: #000000;\">5. <em><strong>Fructificaci\u00f3n<\/strong><\/em><\/span><\/p>\n<p><span style=\"color: #000000;\">BAJA la temperatura a 10-15\u00b0C (esto es esencial)<\/span><\/p>\n<p><span style=\"color: #000000;\">Aumenta la humedad al 85-90%<\/span><\/p>\n<p><span style=\"color: #000000;\">Proporciona luz indirecta y ventilaci\u00f3n<\/span><\/p>\n<p><span style=\"color: #000000;\">\u00a1En 7-14 d\u00edas ver\u00e1s los primeros racimos!<\/span><\/p>\n<p><span style=\"color: #000000;\">Sustrato Preferido: Sawdust enriquecido, bloques de maderas duras como Rauli, lenga, roble, etc.<\/span><\/p>\n<p><span style=\"color: #000000;\">Caracter\u00edstica \u00danica: Para obtener la forma blanca y de tallo largo tradicional, se fructifica en envases altos y con alta concentraci\u00f3n de CO2, para lograr esto te recomendamos no abrir tu bolsa de cultivo y dejar que respiren solamente por el parche de intercambio gaseoso!<\/span><\/p>\n<p><em><span style=\"color: #000000;\"><strong>Consejos Clave<\/strong><\/span><\/em><br \/>\n<span style=\"color: #000000;\">\u2705 TEMPERATURA FR\u00cdA ES ESENCIAL &#8211; sin el kit no fructificar\u00e1<\/span><br \/>\n<span style=\"color: #000000;\">\u2705 Usa el vial dentro de los 30 d\u00edas posteriores a la recepci\u00f3n<\/span><br \/>\n<span style=\"color: #000000;\">\u2705 Si no usas todo el vial de una vez, refrig\u00e9ralo inmediatamente<\/span><br \/>\n<span style=\"color: #000000;\">\u2705 Trabaja siempre con m\u00e1xima limpieza para evitar contaminaciones<\/span><\/p>\n<p>&nbsp;<\/p>\n<p>&nbsp;<\/p>\n<p>&nbsp;<\/p>\n","protected":false},"excerpt":{"rendered":"<p>Enoki &#8211; Flammulina velutipes<\/p>\n","protected":false},"featured_media":501,"comment_status":"open","ping_status":"closed","template":"","meta":[],"product_brand":[],"product_cat":[27],"product_tag":[],"class_list":{"0":"post-354","1":"product","2":"type-product","3":"status-publish","4":"has-post-thumbnail","6":"product_cat-micelio-liquido-y-viales","8":"first","9":"instock","10":"shipping-taxable","11":"purchasable","12":"product-type-simple"},"_links":{"self":[{"href":"https:\/\/amanitalabs.tech\/index.php?rest_route=\/wp\/v2\/product\/354","targetHints":{"allow":["GET"]}}],"collection":[{"href":"https:\/\/amanitalabs.tech\/index.php?rest_route=\/wp\/v2\/product"}],"about":[{"href":"https:\/\/amanitalabs.tech\/index.php?rest_route=\/wp\/v2\/types\/product"}],"replies":[{"embeddable":true,"href":"https:\/\/amanitalabs.tech\/index.php?rest_route=%2Fwp%2Fv2%2Fcomments&post=354"}],"wp:featuredmedia":[{"embeddable":true,"href":"https:\/\/amanitalabs.tech\/index.php?rest_route=\/wp\/v2\/media\/501"}],"wp:attachment":[{"href":"https:\/\/amanitalabs.tech\/index.php?rest_route=%2Fwp%2Fv2%2Fmedia&parent=354"}],"wp:term":[{"taxonomy":"product_brand","embeddable":true,"href":"https:\/\/amanitalabs.tech\/index.php?rest_route=%2Fwp%2Fv2%2Fproduct_brand&post=354"},{"taxonomy":"product_cat","embeddable":true,"href":"https:\/\/amanitalabs.tech\/index.php?rest_route=%2Fwp%2Fv2%2Fproduct_cat&post=354"},{"taxonomy":"product_tag","embeddable":true,"href":"https:\/\/amanitalabs.tech\/index.php?rest_route=%2Fwp%2Fv2%2Fproduct_tag&post=354"}],"curies":[{"name":"wp","href":"https:\/\/api.w.org\/{rel}","templated":true}]}}