{"id":352,"date":"2025-11-10T21:29:53","date_gmt":"2025-11-10T20:29:53","guid":{"rendered":"https:\/\/amanitalabs.tech\/?post_type=product&#038;p=352"},"modified":"2025-11-19T20:52:38","modified_gmt":"2025-11-19T19:52:38","slug":"vial-de-ostra-rey","status":"publish","type":"product","link":"https:\/\/amanitalabs.tech\/?product=vial-de-ostra-rey","title":{"rendered":"Vial de Ostra Rey"},"content":{"rendered":"<p><span style=\"color: #000000;\">Descripci\u00f3n:<\/span><br \/>\n<span style=\"color: #000000;\">La Ostra Rey es la variedad m\u00e1s grande y carnosa de la familia Pleurotus. Conocida como \u00abel bistec vegetal\u00bb, se caracteriza por su pie grueso y blanco y su sombrero peque\u00f1o que var\u00eda de marr\u00f3n claro a gris\u00e1ceo. Su textura densa y su sabor suave con notas de avellana la hacen \u00fanica entre los hongos gourmet.<\/span><\/p>\n<p class=\"ds-markdown-paragraph\"><span style=\"color: #000000;\"><strong>Instrucciones de uso:<\/strong>\u00a0A continuaci\u00f3n te vamos a dejar una gu\u00eda de c\u00f3mo puedes propagar y conservar este vial desde la comodidad de tu casa!<\/span><\/p>\n<p class=\"ds-markdown-paragraph\"><span style=\"color: #000000;\"><strong>1. Prepara tu Espacio de Trabajo<\/strong><\/span><\/p>\n<ul>\n<li>\n<p class=\"ds-markdown-paragraph\"><span style=\"color: #000000;\">Limpia y desinfecta la superficie con alcohol al 70%<\/span><\/p>\n<\/li>\n<li>\n<p class=\"ds-markdown-paragraph\"><span style=\"color: #000000;\">Ten listos tus sustratos esterilizados (granos, agar, cultura l\u00edquida)<\/span><\/p>\n<\/li>\n<li>\n<p class=\"ds-markdown-paragraph\"><span style=\"color: #000000;\">Usa guantes y mascarilla<\/span><\/p>\n<\/li>\n<\/ul>\n<p class=\"ds-markdown-paragraph\"><span style=\"color: #000000;\"><strong>2. Prepara el Vial<\/strong><\/span><\/p>\n<ul>\n<li>\n<p class=\"ds-markdown-paragraph\"><span style=\"color: #000000;\">Saca el vial del refrigerador y d\u00e9jalo alcanzar temperatura ambiente<\/span><\/p>\n<\/li>\n<li>\n<p class=\"ds-markdown-paragraph\"><span style=\"color: #000000;\">Ag\u00edtalo suavemente durante 20 segundos para mezclar el micelio<\/span><\/p>\n<\/li>\n<\/ul>\n<p class=\"ds-markdown-paragraph\"><span style=\"color: #000000;\"><strong>3. Inoculaci\u00f3n<\/strong><\/span><\/p>\n<ul>\n<li>\n<p class=\"ds-markdown-paragraph\"><span style=\"color: #000000;\"><strong>Grainspawn:<\/strong>\u00a0Usa 1-2 ml por frasco de 1 litro<\/span><\/p>\n<\/li>\n<li>\n<p class=\"ds-markdown-paragraph\"><span style=\"color: #000000;\"><strong>Cultura l\u00edquida:<\/strong>\u00a0Usa 3-5 ml por frasco<\/span><\/p>\n<\/li>\n<li>\n<p class=\"ds-markdown-paragraph\"><span style=\"color: #000000;\"><strong>Agar:<\/strong>\u00a0Usa 1 a 2 ml por placa petri<\/span><\/p>\n<\/li>\n<li>\n<p class=\"ds-markdown-paragraph\"><span style=\"color: #000000;\">Con este vial de 20ml puedes inocular entre 10-15 recipientes<\/span><\/p>\n<\/li>\n<\/ul>\n<p class=\"ds-markdown-paragraph\"><span style=\"color: #000000;\"><strong>4. Incubaci\u00f3n<\/strong><\/span><\/p>\n<ul>\n<li>\n<p class=\"ds-markdown-paragraph\"><span style=\"color: #000000;\">Mant\u00e9n los recipientes inoculados a 20-25\u00b0C<\/span><\/p>\n<\/li>\n<li>\n<p class=\"ds-markdown-paragraph\"><span style=\"color: #000000;\">En oscuridad completa<\/span><\/p>\n<\/li>\n<li>\n<p class=\"ds-markdown-paragraph\"><span style=\"color: #000000;\">El micelio colonizar\u00e1 en 14-21 d\u00edas<\/span><\/p>\n<\/li>\n<\/ul>\n<p class=\"ds-markdown-paragraph\"><span style=\"color: #000000;\"><strong>5. Fructificaci\u00f3n<\/strong><\/span><\/p>\n<ul>\n<li>\n<p class=\"ds-markdown-paragraph\"><span style=\"color: #000000;\"><strong>MANT\u00c9N la temperatura<\/strong>\u00a0entre 15-20\u00b0C<\/span><\/p>\n<\/li>\n<li>\n<p class=\"ds-markdown-paragraph\"><span style=\"color: #000000;\">Aumenta la humedad al 85-90%<\/span><\/p>\n<\/li>\n<li>\n<p class=\"ds-markdown-paragraph\"><span style=\"color: #000000;\">Proporciona luz indirecta y ventilaci\u00f3n abundante<\/span><\/p>\n<\/li>\n<li>\n<p class=\"ds-markdown-paragraph\"><span style=\"color: #000000;\">\u00a1En 7-14 d\u00edas ver\u00e1s los primeros primordios!<\/span><\/p>\n<\/li>\n<\/ul>\n<p class=\"ds-markdown-paragraph\"><span style=\"color: #000000;\"><strong>Sustrato Preferido:<\/strong>\u00a0Paja pasteurizada, aserr\u00edn de maderas blandas, granos. Es una cepa muy agresiva y resistente.<\/span><\/p>\n<p class=\"ds-markdown-paragraph\"><span style=\"color: #000000;\"><strong>Caracter\u00edstica \u00danica:<\/strong>\u00a0Forma grupos compactos y pesados de setas masivas con pie grueso y carnoso. Es una de las ostras m\u00e1s grandes y f\u00e1ciles de cultivar.<\/span><\/p>\n<p class=\"ds-markdown-paragraph\"><span style=\"color: #000000;\"><strong>Consejos Clave<\/strong><\/span><br \/>\n<span style=\"color: #000000;\">\u2705\u00a0<strong>VENTILACI\u00d3N ABUNDANTE<\/strong>\u00a0&#8211; esencial para evitar tallos largos y promover sombreros grandes<\/span><br \/>\n<span style=\"color: #000000;\">\u2705\u00a0<strong>AGRESIVIDAD NATURAL<\/strong>\u00a0&#8211; coloniza r\u00e1pidamente y compite bien contra contaminantes<\/span><br \/>\n<span style=\"color: #000000;\">\u2705 Usa el vial dentro de los 30 d\u00edas posteriores a la recepci\u00f3n<\/span><br \/>\n<span style=\"color: #000000;\">\u2705 Si no usas todo el vial de una vez, refrig\u00e9ralo inmediatamente<\/span><br \/>\n<span style=\"color: #000000;\">\u2705 Trabaja siempre con m\u00e1xima limpieza para evitar contaminaciones<\/span><\/p>\n<p class=\"ds-markdown-paragraph\"><span style=\"color: #000000;\"><strong>\u00a1Sigue estos pasos y disfrutar\u00e1s de una cosecha abundante de Ostra Rey en 4-5 semanas!<\/strong><\/span><\/p>\n<p><span style=\"color: #000000;\">Usos en la Cocina:<\/span><br \/>\n<span style=\"color: #000000;\">La Ostra Rey es incre\u00edblemente vers\u00e1til. Su textura carnosa la hace perfecta para:<\/span><\/p>\n<p><span style=\"color: #000000;\">-A la Parrilla o Plancha: Fileteada y marinada, como sustituto de la carne.<\/span><\/p>\n<p><span style=\"color: #000000;\">-Salteados: En trozos, con ajo y hierbas.<\/span><\/p>\n<p><span style=\"color: #000000;\">-Estofados y Guisos: Agrega cuerpo y sabor umami.<\/span><\/p>\n<p><span style=\"color: #000000;\">-Horneada: Como \u00abcostillas\u00bb vegetarianas.<\/span><\/p>\n<p><span style=\"color: #000000;\">-Rallada: Para rellenos o como \u00abcarne molida\u00bb.<\/span><\/p>\n","protected":false},"excerpt":{"rendered":"<p><span style=\"color: #000000;\">Hongo Ostra Rey &#8211; Pleorotus Eringii<\/span><\/p>\n","protected":false},"featured_media":501,"comment_status":"open","ping_status":"closed","template":"","meta":[],"product_brand":[],"product_cat":[27],"product_tag":[],"class_list":{"0":"post-352","1":"product","2":"type-product","3":"status-publish","4":"has-post-thumbnail","6":"product_cat-micelio-liquido-y-viales","8":"first","9":"instock","10":"shipping-taxable","11":"purchasable","12":"product-type-simple"},"_links":{"self":[{"href":"https:\/\/amanitalabs.tech\/index.php?rest_route=\/wp\/v2\/product\/352","targetHints":{"allow":["GET"]}}],"collection":[{"href":"https:\/\/amanitalabs.tech\/index.php?rest_route=\/wp\/v2\/product"}],"about":[{"href":"https:\/\/amanitalabs.tech\/index.php?rest_route=\/wp\/v2\/types\/product"}],"replies":[{"embeddable":true,"href":"https:\/\/amanitalabs.tech\/index.php?rest_route=%2Fwp%2Fv2%2Fcomments&post=352"}],"wp:featuredmedia":[{"embeddable":true,"href":"https:\/\/amanitalabs.tech\/index.php?rest_route=\/wp\/v2\/media\/501"}],"wp:attachment":[{"href":"https:\/\/amanitalabs.tech\/index.php?rest_route=%2Fwp%2Fv2%2Fmedia&parent=352"}],"wp:term":[{"taxonomy":"product_brand","embeddable":true,"href":"https:\/\/amanitalabs.tech\/index.php?rest_route=%2Fwp%2Fv2%2Fproduct_brand&post=352"},{"taxonomy":"product_cat","embeddable":true,"href":"https:\/\/amanitalabs.tech\/index.php?rest_route=%2Fwp%2Fv2%2Fproduct_cat&post=352"},{"taxonomy":"product_tag","embeddable":true,"href":"https:\/\/amanitalabs.tech\/index.php?rest_route=%2Fwp%2Fv2%2Fproduct_tag&post=352"}],"curies":[{"name":"wp","href":"https:\/\/api.w.org\/{rel}","templated":true}]}}