{"id":341,"date":"2025-11-10T21:21:10","date_gmt":"2025-11-10T20:21:10","guid":{"rendered":"https:\/\/amanitalabs.tech\/?post_type=product&#038;p=341"},"modified":"2025-11-19T19:32:07","modified_gmt":"2025-11-19T18:32:07","slug":"granos-enoki","status":"publish","type":"product","link":"https:\/\/amanitalabs.tech\/?product=granos-enoki","title":{"rendered":"Granos colonizados de Enoki"},"content":{"rendered":"<p><span style=\"color: #000000;\">El Enoki es inconfundible por su morfolog\u00eda \u00fanica largos y delgados tallos blancos coronados por peque\u00f1os sombreros convexos de color amarillo p\u00e1lido. En condiciones de alto CO2 desarrolla su forma caracter\u00edstica con tallos largos, mientras que con buena ventilaci\u00f3n los tallos son m\u00e1s cortos. Su textura es notablemente crujiente y su sabor es suave, ligeramente dulce y frutal. Cuando est\u00e1 fresco, tiene un aroma limpio y fresco.<\/span><\/p>\n<p><span style=\"color: #000000;\">Prop\u00f3sito Principal: Expandir el cultivo para fructificar esta seta de clima fr\u00edo y forma \u00fanica.<\/span><\/p>\n<p><span style=\"color: #000000;\">\u00bfComo utilizar los granos colonizados?<\/span><\/p>\n<p><span style=\"color: #000000;\">1) Preparar sustrato est\u00e9ril: Aserr\u00edn enriquecido de maderas duras (haya, roble) con 10-15% de salvado de trigo\/avena. Tambi\u00e9n funciona en sustratos a base de paja pasteurizada.<\/span><\/p>\n<p><span style=\"color: #000000;\">2) Mezclar: Proporci\u00f3n de 1:4 a 1:5 (1 parte de granos colonizados por 4-5 partes de sustrato), en condiciones de m\u00e1xima limpieza.<\/span><\/p>\n<p><span style=\"color: #000000;\">3) Incubar: Mantener a 18-22\u00b0C en oscuridad total. Tiempo de colonizaci\u00f3n: 14-21 d\u00edas.<\/span><\/p>\n<p><span style=\"color: #000000;\">Condiciones Espec\u00edficas de fructificacion:<\/span><\/p>\n<ul>\n<li><span style=\"color: #000000;\">Temperatura: 8-15\u00b0C (prefiere climas frios)<\/span><\/li>\n<li><span style=\"color: #000000;\">Humedad relativa: 85-90%<\/span><\/li>\n<li><span style=\"color: #000000;\">Iluminaci\u00f3n: Baja intensidad<\/span><\/li>\n<li><span style=\"color: #000000;\">Ventilaci\u00f3n: Controlada para desarrollar forma deseada, recomendamos CO2 alto para obtener la forma comercial (tallo largo y blanco, sombrero peque\u00f1o) Se logra fructificando en bolsas altas y selladas, dejando poco oxigeno dentro de la bolsa.<\/span><\/li>\n<li><span style=\"color: #000000;\">Sustrato ideal: Aserr\u00edn suplementado, granos<\/span><\/li>\n<li><span style=\"color: #000000;\">Tiempo de fructificaci\u00f3n: 12-18 d\u00edas<\/span><\/li>\n<\/ul>\n<p><span style=\"color: #000000;\">Usos Gastron\u00f3micos y Aplicaciones:<\/span><\/p>\n<ul>\n<li><span style=\"color: #000000;\">Crudo en ensaladas por su textura crujiente<\/span><\/li>\n<li><span style=\"color: #000000;\">En sopas asi\u00e1ticas (ramen, miso)<\/span><\/li>\n<li><span style=\"color: #000000;\">Salteado r\u00e1pido para mantener textura<\/span><\/li>\n<li><span style=\"color: #000000;\">En rollitos primavera y wraps<\/span><\/li>\n<li><span style=\"color: #000000;\">Como guarnici\u00f3n decorativa<\/span><\/li>\n<li><span style=\"color: #000000;\">En vinagretas y pickles<\/span><\/li>\n<\/ul>\n","protected":false},"excerpt":{"rendered":"<p>Flamulina Velutipes &#8211; 1,5 kg. de Grano colonizado<\/p>\n","protected":false},"featured_media":411,"comment_status":"open","ping_status":"closed","template":"","meta":[],"product_brand":[],"product_cat":[28],"product_tag":[],"class_list":{"0":"post-341","1":"product","2":"type-product","3":"status-publish","4":"has-post-thumbnail","6":"product_cat-granos-colonizados","8":"first","9":"instock","10":"shipping-taxable","11":"purchasable","12":"product-type-simple"},"_links":{"self":[{"href":"https:\/\/amanitalabs.tech\/index.php?rest_route=\/wp\/v2\/product\/341","targetHints":{"allow":["GET"]}}],"collection":[{"href":"https:\/\/amanitalabs.tech\/index.php?rest_route=\/wp\/v2\/product"}],"about":[{"href":"https:\/\/amanitalabs.tech\/index.php?rest_route=\/wp\/v2\/types\/product"}],"replies":[{"embeddable":true,"href":"https:\/\/amanitalabs.tech\/index.php?rest_route=%2Fwp%2Fv2%2Fcomments&post=341"}],"wp:featuredmedia":[{"embeddable":true,"href":"https:\/\/amanitalabs.tech\/index.php?rest_route=\/wp\/v2\/media\/411"}],"wp:attachment":[{"href":"https:\/\/amanitalabs.tech\/index.php?rest_route=%2Fwp%2Fv2%2Fmedia&parent=341"}],"wp:term":[{"taxonomy":"product_brand","embeddable":true,"href":"https:\/\/amanitalabs.tech\/index.php?rest_route=%2Fwp%2Fv2%2Fproduct_brand&post=341"},{"taxonomy":"product_cat","embeddable":true,"href":"https:\/\/amanitalabs.tech\/index.php?rest_route=%2Fwp%2Fv2%2Fproduct_cat&post=341"},{"taxonomy":"product_tag","embeddable":true,"href":"https:\/\/amanitalabs.tech\/index.php?rest_route=%2Fwp%2Fv2%2Fproduct_tag&post=341"}],"curies":[{"name":"wp","href":"https:\/\/api.w.org\/{rel}","templated":true}]}}